{"id":57,"date":"2013-10-13T12:21:26","date_gmt":"2013-10-13T09:21:26","guid":{"rendered":"http:\/\/www.m-wood.fi\/?page_id=57"},"modified":"2025-01-21T13:45:13","modified_gmt":"2025-01-21T11:45:13","slug":"ota-yhteytta","status":"publish","type":"page","link":"https:\/\/www.m-wood.fi\/fi\/ota-yhteytta\/","title":{"rendered":"Ota yhteytt\u00e4"},"content":{"rendered":"<div  class='flex_column av-3o62h-47dbee4bb2fc66f943c530db25382c47 av_one_half  avia-builder-el-0  el_before_av_one_half  avia-builder-el-first  first flex_column_div  '     ><p>\n<style type=\"text\/css\" data-created_by=\"avia_inline_auto\" id=\"style-css-av-3eiox-e9a3d9514ceb6f702c911fccd8fb44ea\">\n#top .av-special-heading.av-3eiox-e9a3d9514ceb6f702c911fccd8fb44ea{\npadding-bottom:10px;\n}\nbody .av-special-heading.av-3eiox-e9a3d9514ceb6f702c911fccd8fb44ea .av-special-heading-tag .heading-char{\nfont-size:25px;\n}\n.av-special-heading.av-3eiox-e9a3d9514ceb6f702c911fccd8fb44ea .av-subheading{\nfont-size:15px;\n}\n<\/style>\n<div  class='av-special-heading av-3eiox-e9a3d9514ceb6f702c911fccd8fb44ea av-special-heading-h3  avia-builder-el-1  el_before_av_textblock  avia-builder-el-first '><h3 class='av-special-heading-tag '  itemprop=\"headline\"  >M-Wood Oy<\/h3><div class=\"special-heading-border\"><div class=\"special-heading-inner-border\"><\/div><\/div><\/div><br \/>\n<section  class='av_textblock_section av-2tzkl-e53ac25414434c7959e03a5fd96703c1 '   itemscope=\"itemscope\" itemtype=\"https:\/\/schema.org\/CreativeWork\" ><div class='avia_textblock'  itemprop=\"text\" ><p><strong>Puhelin: +358 (0) 50 51 73 461<\/strong><br \/>\n<strong>S-posti: matias@m-wood.fi<\/strong><\/p>\n<\/div><\/section><\/p><\/div>\n<div  class='flex_column av-24a3x-6841864e83876cf8d4932043264752b6 av_one_half  avia-builder-el-3  el_after_av_one_half  avia-builder-el-last  flex_column_div  '     ><section  class='av_textblock_section av-1nyrh-02379e9b53266b63553cdb03b46612ef '   itemscope=\"itemscope\" itemtype=\"https:\/\/schema.org\/CreativeWork\" ><div class='avia_textblock'  itemprop=\"text\" ><h6>K\u00e4yntiosoite:<\/h6>\n<p>Rimalv\u00e4gen 233<br \/>\n65520 Helsingby<br \/>\nSuomi<\/p>\n<h6>Postiosoite<\/h6>\n<p>\u00d6sterk\u00e4rrv\u00e4gen 13<br \/>\n65470 Rimal<br \/>\nSuomi<\/p>\n<h6>Laskutusosoite<\/h6>\n<p>Verkkolaskuna: 003725178294<br \/>\nVerkkolaskujen v\u00e4litt\u00e4j\u00e4: 003708599126 (OpenText)<br \/>\nS\u00e4hk\u00f6postitse: fennoa.516968@erin.posti.com<\/p>\n<p>Y-tunnus: 2517829-4<\/p>\n<\/div><\/section><br \/>\n<section  class='av_textblock_section av-3iw9-60e907be7a58a634bb670d7a46cf74ab '   itemscope=\"itemscope\" itemtype=\"https:\/\/schema.org\/CreativeWork\" ><div class='avia_textblock'  itemprop=\"text\" ><p><iframe loading=\"lazy\" src=\"https:\/\/maps.google.fi\/maps?f=q&#038;source=s_q&#038;hl=sv&#038;geocode=&#038;q=Rimalv%C3%A4gen+233+65520+Helsingby&#038;aq=&#038;sll=64.892958,26.0218&#038;sspn=17.706152,67.631836&#038;ie=UTF8&#038;hq=&#038;hnear=Rimalv%C3%A4gen+233,+Korsholm&#038;t=m&#038;ll=63.009653,21.786318&#038;spn=0.013634,0.048838&#038;z=14&#038;iwloc=A&#038;output=embed\" height=\"350\" width=\"569\" frameborder=\"0\" marginwidth=\"0\" marginheight=\"0\" scrolling=\"no\"><\/iframe><br \/>\n<small><a style=\"color: #0000ff; text-align: left;\" href=\"https:\/\/maps.google.fi\/maps?f=q&#038;source=embed&#038;hl=sv&#038;geocode=&#038;q=Rimalv%C3%A4gen+233+65520+Helsingby&#038;aq=&#038;sll=64.892958,26.0218&#038;sspn=17.706152,67.631836&#038;ie=UTF8&#038;hq=&#038;hnear=Rimalv%C3%A4gen+233,+Korsholm&#038;t=m&#038;ll=63.009653,21.786318&#038;spn=0.013634,0.048838&#038;z=14&#038;iwloc=A\">Suurempi<\/a><\/small><\/p>\n<\/div><\/section><\/p><\/div>\n","protected":false},"excerpt":{"rendered":"","protected":false},"author":1,"featured_media":0,"parent":0,"menu_order":0,"comment_status":"closed","ping_status":"open","template":"","meta":{"footnotes":""},"class_list":["post-57","page","type-page","status-publish","hentry"],"yoast_head":"<!-- This site is optimized with the Yoast SEO plugin v26.7 - https:\/\/yoast.com\/wordpress\/plugins\/seo\/ -->\n<title>Ota yhteytt\u00e4 - M-Wood Ab Oy<\/title>\n<meta name=\"robots\" content=\"index, follow, max-snippet:-1, max-image-preview:large, max-video-preview:-1\" \/>\n<link rel=\"canonical\" href=\"https:\/\/www.m-wood.fi\/ota-yhteytta\/\" \/>\n<meta property=\"og:locale\" content=\"fi_FI\" \/>\n<meta property=\"og:type\" content=\"article\" \/>\n<meta property=\"og:title\" content=\"Ota yhteytt\u00e4 - M-Wood Ab Oy\" \/>\n<meta property=\"og:url\" content=\"https:\/\/www.m-wood.fi\/ota-yhteytta\/\" \/>\n<meta property=\"og:site_name\" content=\"M-Wood Ab Oy\" \/>\n<meta property=\"article:modified_time\" content=\"2025-01-21T11:45:13+00:00\" \/>\n<meta name=\"twitter:label1\" content=\"Arvioitu lukuaika\" \/>\n\t<meta name=\"twitter:data1\" content=\"1 minuutti\" \/>\n<script type=\"application\/ld+json\" class=\"yoast-schema-graph\">{\"@context\":\"https:\/\/schema.org\",\"@graph\":[{\"@type\":\"WebPage\",\"@id\":\"https:\/\/www.m-wood.fi\/ota-yhteytta\/\",\"url\":\"https:\/\/www.m-wood.fi\/ota-yhteytta\/\",\"name\":\"Ota yhteytt\u00e4 - M-Wood Ab Oy\",\"isPartOf\":{\"@id\":\"https:\/\/www.m-wood.fi\/#website\"},\"datePublished\":\"2013-10-13T09:21:26+00:00\",\"dateModified\":\"2025-01-21T11:45:13+00:00\",\"breadcrumb\":{\"@id\":\"https:\/\/www.m-wood.fi\/ota-yhteytta\/#breadcrumb\"},\"inLanguage\":\"fi\",\"potentialAction\":[{\"@type\":\"ReadAction\",\"target\":[\"https:\/\/www.m-wood.fi\/ota-yhteytta\/\"]}]},{\"@type\":\"BreadcrumbList\",\"@id\":\"https:\/\/www.m-wood.fi\/ota-yhteytta\/#breadcrumb\",\"itemListElement\":[{\"@type\":\"ListItem\",\"position\":1,\"name\":\"Hem\",\"item\":\"https:\/\/www.m-wood.fi\/fi\/\"},{\"@type\":\"ListItem\",\"position\":2,\"name\":\"Ota yhteytt\u00e4\"}]},{\"@type\":\"WebSite\",\"@id\":\"https:\/\/www.m-wood.fi\/#website\",\"url\":\"https:\/\/www.m-wood.fi\/\",\"name\":\"M-Wood Ab Oy\",\"description\":\"Snickeri.fi\",\"potentialAction\":[{\"@type\":\"SearchAction\",\"target\":{\"@type\":\"EntryPoint\",\"urlTemplate\":\"https:\/\/www.m-wood.fi\/?s={search_term_string}\"},\"query-input\":{\"@type\":\"PropertyValueSpecification\",\"valueRequired\":true,\"valueName\":\"search_term_string\"}}],\"inLanguage\":\"fi\"}]}<\/script>\n<!-- \/ Yoast SEO plugin. -->","yoast_head_json":{"title":"Ota yhteytt\u00e4 - M-Wood Ab Oy","robots":{"index":"index","follow":"follow","max-snippet":"max-snippet:-1","max-image-preview":"max-image-preview:large","max-video-preview":"max-video-preview:-1"},"canonical":"https:\/\/www.m-wood.fi\/ota-yhteytta\/","og_locale":"fi_FI","og_type":"article","og_title":"Ota yhteytt\u00e4 - M-Wood Ab Oy","og_url":"https:\/\/www.m-wood.fi\/ota-yhteytta\/","og_site_name":"M-Wood Ab Oy","article_modified_time":"2025-01-21T11:45:13+00:00","twitter_misc":{"Arvioitu lukuaika":"1 minuutti"},"schema":{"@context":"https:\/\/schema.org","@graph":[{"@type":"WebPage","@id":"https:\/\/www.m-wood.fi\/ota-yhteytta\/","url":"https:\/\/www.m-wood.fi\/ota-yhteytta\/","name":"Ota yhteytt\u00e4 - M-Wood Ab Oy","isPartOf":{"@id":"https:\/\/www.m-wood.fi\/#website"},"datePublished":"2013-10-13T09:21:26+00:00","dateModified":"2025-01-21T11:45:13+00:00","breadcrumb":{"@id":"https:\/\/www.m-wood.fi\/ota-yhteytta\/#breadcrumb"},"inLanguage":"fi","potentialAction":[{"@type":"ReadAction","target":["https:\/\/www.m-wood.fi\/ota-yhteytta\/"]}]},{"@type":"BreadcrumbList","@id":"https:\/\/www.m-wood.fi\/ota-yhteytta\/#breadcrumb","itemListElement":[{"@type":"ListItem","position":1,"name":"Hem","item":"https:\/\/www.m-wood.fi\/fi\/"},{"@type":"ListItem","position":2,"name":"Ota yhteytt\u00e4"}]},{"@type":"WebSite","@id":"https:\/\/www.m-wood.fi\/#website","url":"https:\/\/www.m-wood.fi\/","name":"M-Wood Ab Oy","description":"Snickeri.fi","potentialAction":[{"@type":"SearchAction","target":{"@type":"EntryPoint","urlTemplate":"https:\/\/www.m-wood.fi\/?s={search_term_string}"},"query-input":{"@type":"PropertyValueSpecification","valueRequired":true,"valueName":"search_term_string"}}],"inLanguage":"fi"}]}},"_links":{"self":[{"href":"https:\/\/www.m-wood.fi\/fi\/wp-json\/wp\/v2\/pages\/57","targetHints":{"allow":["GET"]}}],"collection":[{"href":"https:\/\/www.m-wood.fi\/fi\/wp-json\/wp\/v2\/pages"}],"about":[{"href":"https:\/\/www.m-wood.fi\/fi\/wp-json\/wp\/v2\/types\/page"}],"author":[{"embeddable":true,"href":"https:\/\/www.m-wood.fi\/fi\/wp-json\/wp\/v2\/users\/1"}],"replies":[{"embeddable":true,"href":"https:\/\/www.m-wood.fi\/fi\/wp-json\/wp\/v2\/comments?post=57"}],"version-history":[{"count":11,"href":"https:\/\/www.m-wood.fi\/fi\/wp-json\/wp\/v2\/pages\/57\/revisions"}],"predecessor-version":[{"id":488,"href":"https:\/\/www.m-wood.fi\/fi\/wp-json\/wp\/v2\/pages\/57\/revisions\/488"}],"wp:attachment":[{"href":"https:\/\/www.m-wood.fi\/fi\/wp-json\/wp\/v2\/media?parent=57"}],"curies":[{"name":"wp","href":"https:\/\/api.w.org\/{rel}","templated":true}]}}